 {"id":122,"date":"2020-11-03T17:11:44","date_gmt":"2020-11-03T15:11:44","guid":{"rendered":"http:\/\/localhost\/arxiusoberts.cat\/?page_id=122"},"modified":"2023-08-30T10:52:58","modified_gmt":"2023-08-30T08:52:58","slug":"mediateca","status":"publish","type":"page","link":"https:\/\/arxiusoberts.gir.cat\/ca\/mediateca\/","title":{"rendered":"M\u00e8dia"},"content":{"rendered":"<p>Un element de m\u00e8dia \u00e9s un element individual de patrimoni cultural contingut en la plataforma. Pot ser una fotografia, un clip de v\u00eddeo, un document digitalitzat, un \u00e0udio, o qualsevol altre element de patrimoni amb valor cultural i susceptible de ser reutilitzat.<\/p>\n<p>Explora els elements m\u00e8dia de la plataforma Arxius Oberts a continuaci\u00f3, o fes servir el <a href=\"http:\/\/localhost\/arxiusoberts.cat\/ca\/cercador\/\">Cercador de la plataforma Arxius Oberts<\/a> per filtrar i seleccionar els elements de m\u00e8dia.<\/p>\n","protected":false},"excerpt":{"rendered":"<p>Un element de m\u00e8dia \u00e9s un element individual de patrimoni cultural contingut en la plataforma. Pot ser una fotografia, un clip de v\u00eddeo, un document digitalitzat, un \u00e0udio, o qualsevol altre element de patrimoni amb valor cultural i susceptible de ser reutilitzat. Explora els elements m\u00e8dia de la plataforma Arxius Oberts a continuaci\u00f3, o fes [&hellip;]<\/p>\n","protected":false},"author":3,"featured_media":0,"parent":0,"menu_order":0,"comment_status":"closed","ping_status":"closed","template":"search.php","meta":{"footnotes":""},"yoast_head":"<!-- This site is optimized with the Yoast SEO plugin v21.7 - https:\/\/yoast.com\/wordpress\/plugins\/seo\/ -->\n<title>M\u00e8dia - Arxius Oberts<\/title>\n<meta name=\"robots\" content=\"index, follow, max-snippet:-1, max-image-preview:large, max-video-preview:-1\" \/>\n<link rel=\"canonical\" href=\"https:\/\/arxiusoberts.gir.cat\/ca\/mediateca\/\" \/>\n<meta property=\"og:locale\" content=\"ca_ES\" \/>\n<meta property=\"og:type\" content=\"article\" \/>\n<meta property=\"og:title\" content=\"M\u00e8dia - Arxius Oberts\" \/>\n<meta property=\"og:description\" content=\"Un element de m\u00e8dia \u00e9s un element individual de patrimoni cultural contingut en la plataforma. Pot ser una fotografia, un clip de v\u00eddeo, un document digitalitzat, un \u00e0udio, o qualsevol altre element de patrimoni amb valor cultural i susceptible de ser reutilitzat. Explora els elements m\u00e8dia de la plataforma Arxius Oberts a continuaci\u00f3, o fes [&hellip;]\" \/>\n<meta property=\"og:url\" content=\"https:\/\/arxiusoberts.gir.cat\/ca\/mediateca\/\" \/>\n<meta property=\"og:site_name\" content=\"Arxius Oberts\" \/>\n<meta property=\"article:modified_time\" content=\"2023-08-30T08:52:58+00:00\" \/>\n<meta property=\"og:image\" content=\"https:\/\/arxiusoberts.gir.cat\/wp-content\/uploads\/2020\/12\/cropped-favicon.png\" \/>\n\t<meta property=\"og:image:width\" content=\"512\" \/>\n\t<meta property=\"og:image:height\" content=\"512\" \/>\n\t<meta property=\"og:image:type\" content=\"image\/png\" \/>\n<meta name=\"twitter:card\" content=\"summary_large_image\" \/>\n<meta name=\"twitter:label1\" content=\"Temps estimat de lectura\" \/>\n\t<meta name=\"twitter:data1\" content=\"1 minut\" \/>\n<script type=\"application\/ld+json\" class=\"yoast-schema-graph\">{\"@context\":\"https:\/\/schema.org\",\"@graph\":[{\"@type\":[\"WebPage\",\"CollectionPage\"],\"@id\":\"https:\/\/arxiusoberts.gir.cat\/ca\/mediateca\/\",\"url\":\"https:\/\/arxiusoberts.gir.cat\/ca\/mediateca\/\",\"name\":\"M\u00e8dia - Arxius Oberts\",\"isPartOf\":{\"@id\":\"https:\/\/arxiusoberts.gir.cat\/ca\/#website\"},\"datePublished\":\"2020-11-03T15:11:44+00:00\",\"dateModified\":\"2023-08-30T08:52:58+00:00\",\"breadcrumb\":{\"@id\":\"https:\/\/arxiusoberts.gir.cat\/ca\/mediateca\/#breadcrumb\"},\"inLanguage\":\"ca\"},{\"@type\":\"BreadcrumbList\",\"@id\":\"https:\/\/arxiusoberts.gir.cat\/ca\/mediateca\/#breadcrumb\",\"itemListElement\":[{\"@type\":\"ListItem\",\"position\":1,\"name\":\"Inici\",\"item\":\"https:\/\/arxiusoberts.gir.cat\/ca\/\"},{\"@type\":\"ListItem\",\"position\":2,\"name\":\"M\u00e8dia\"}]},{\"@type\":\"WebSite\",\"@id\":\"https:\/\/arxiusoberts.gir.cat\/ca\/#website\",\"url\":\"https:\/\/arxiusoberts.gir.cat\/ca\/\",\"name\":\"Arxius Oberts\",\"description\":\"Narratives comunit\u00e0ries de Barcelona\",\"potentialAction\":[{\"@type\":\"SearchAction\",\"target\":{\"@type\":\"EntryPoint\",\"urlTemplate\":\"https:\/\/arxiusoberts.gir.cat\/ca\/?s={search_term_string}\"},\"query-input\":\"required name=search_term_string\"}],\"inLanguage\":\"ca\"}]}<\/script>\n<!-- \/ Yoast SEO plugin. -->","yoast_head_json":{"title":"M\u00e8dia - Arxius Oberts","robots":{"index":"index","follow":"follow","max-snippet":"max-snippet:-1","max-image-preview":"max-image-preview:large","max-video-preview":"max-video-preview:-1"},"canonical":"https:\/\/arxiusoberts.gir.cat\/ca\/mediateca\/","og_locale":"ca_ES","og_type":"article","og_title":"M\u00e8dia - Arxius Oberts","og_description":"Un element de m\u00e8dia \u00e9s un element individual de patrimoni cultural contingut en la plataforma. Pot ser una fotografia, un clip de v\u00eddeo, un document digitalitzat, un \u00e0udio, o qualsevol altre element de patrimoni amb valor cultural i susceptible de ser reutilitzat. Explora els elements m\u00e8dia de la plataforma Arxius Oberts a continuaci\u00f3, o fes [&hellip;]","og_url":"https:\/\/arxiusoberts.gir.cat\/ca\/mediateca\/","og_site_name":"Arxius Oberts","article_modified_time":"2023-08-30T08:52:58+00:00","og_image":[{"width":512,"height":512,"url":"https:\/\/arxiusoberts.gir.cat\/wp-content\/uploads\/2020\/12\/cropped-favicon.png","type":"image\/png"}],"twitter_card":"summary_large_image","twitter_misc":{"Temps estimat de lectura":"1 minut"},"schema":{"@context":"https:\/\/schema.org","@graph":[{"@type":["WebPage","CollectionPage"],"@id":"https:\/\/arxiusoberts.gir.cat\/ca\/mediateca\/","url":"https:\/\/arxiusoberts.gir.cat\/ca\/mediateca\/","name":"M\u00e8dia - Arxius Oberts","isPartOf":{"@id":"https:\/\/arxiusoberts.gir.cat\/ca\/#website"},"datePublished":"2020-11-03T15:11:44+00:00","dateModified":"2023-08-30T08:52:58+00:00","breadcrumb":{"@id":"https:\/\/arxiusoberts.gir.cat\/ca\/mediateca\/#breadcrumb"},"inLanguage":"ca"},{"@type":"BreadcrumbList","@id":"https:\/\/arxiusoberts.gir.cat\/ca\/mediateca\/#breadcrumb","itemListElement":[{"@type":"ListItem","position":1,"name":"Inici","item":"https:\/\/arxiusoberts.gir.cat\/ca\/"},{"@type":"ListItem","position":2,"name":"M\u00e8dia"}]},{"@type":"WebSite","@id":"https:\/\/arxiusoberts.gir.cat\/ca\/#website","url":"https:\/\/arxiusoberts.gir.cat\/ca\/","name":"Arxius Oberts","description":"Narratives comunit\u00e0ries de Barcelona","potentialAction":[{"@type":"SearchAction","target":{"@type":"EntryPoint","urlTemplate":"https:\/\/arxiusoberts.gir.cat\/ca\/?s={search_term_string}"},"query-input":"required name=search_term_string"}],"inLanguage":"ca"}]}},"_links":{"self":[{"href":"https:\/\/arxiusoberts.gir.cat\/ca\/wp-json\/wp\/v2\/pages\/122"}],"collection":[{"href":"https:\/\/arxiusoberts.gir.cat\/ca\/wp-json\/wp\/v2\/pages"}],"about":[{"href":"https:\/\/arxiusoberts.gir.cat\/ca\/wp-json\/wp\/v2\/types\/page"}],"author":[{"embeddable":true,"href":"https:\/\/arxiusoberts.gir.cat\/ca\/wp-json\/wp\/v2\/users\/3"}],"replies":[{"embeddable":true,"href":"https:\/\/arxiusoberts.gir.cat\/ca\/wp-json\/wp\/v2\/comments?post=122"}],"version-history":[{"count":9,"href":"https:\/\/arxiusoberts.gir.cat\/ca\/wp-json\/wp\/v2\/pages\/122\/revisions"}],"predecessor-version":[{"id":3172,"href":"https:\/\/arxiusoberts.gir.cat\/ca\/wp-json\/wp\/v2\/pages\/122\/revisions\/3172"}],"wp:attachment":[{"href":"https:\/\/arxiusoberts.gir.cat\/ca\/wp-json\/wp\/v2\/media?parent=122"}],"curies":[{"name":"wp","href":"https:\/\/api.w.org\/{rel}","templated":true}]}}