 {"id":127,"date":"2020-11-03T17:13:26","date_gmt":"2020-11-03T15:13:26","guid":{"rendered":"http:\/\/localhost\/arxiusoberts.cat\/?page_id=127"},"modified":"2023-05-04T15:40:47","modified_gmt":"2023-05-04T13:40:47","slug":"expos-virtuals","status":"publish","type":"page","link":"https:\/\/arxiusoberts.gir.cat\/ca\/expos-virtuals\/","title":{"rendered":"Expos virtuals"},"content":{"rendered":"<p>Una exposici\u00f3 \u00e9s un conjunt d\u2019elements de m\u00e8dia del mateix tipus, seleccionat i ordenat per un editor, que il\u00b7lustra de manera visual una tem\u00e0tica, rang cronol\u00f2gic o espai determinat.<\/p>\n<p>Explora les exposicions de la plataforma Arxius Oberts a continuaci\u00f3.<\/p>\n","protected":false},"excerpt":{"rendered":"<p>Una exposici\u00f3 \u00e9s un conjunt d\u2019elements de m\u00e8dia del mateix tipus, seleccionat i ordenat per un editor, que il\u00b7lustra de manera visual una tem\u00e0tica, rang cronol\u00f2gic o espai determinat. Explora les exposicions de la plataforma Arxius Oberts a continuaci\u00f3.<\/p>\n","protected":false},"author":3,"featured_media":244,"parent":0,"menu_order":0,"comment_status":"closed","ping_status":"closed","template":"page-templates\/exposVirtuals.php","meta":{"footnotes":""},"yoast_head":"<!-- This site is optimized with the Yoast SEO plugin v21.7 - https:\/\/yoast.com\/wordpress\/plugins\/seo\/ -->\n<title>Expos virtuals - Arxius Oberts<\/title>\n<meta name=\"robots\" content=\"index, follow, max-snippet:-1, max-image-preview:large, max-video-preview:-1\" \/>\n<link rel=\"canonical\" href=\"https:\/\/arxiusoberts.gir.cat\/ca\/expos-virtuals\/\" \/>\n<meta property=\"og:locale\" content=\"ca_ES\" \/>\n<meta property=\"og:type\" content=\"article\" \/>\n<meta property=\"og:title\" content=\"Expos virtuals - Arxius Oberts\" \/>\n<meta property=\"og:description\" content=\"Una exposici\u00f3 \u00e9s un conjunt d\u2019elements de m\u00e8dia del mateix tipus, seleccionat i ordenat per un editor, que il\u00b7lustra de manera visual una tem\u00e0tica, rang cronol\u00f2gic o espai determinat. Explora les exposicions de la plataforma Arxius Oberts a continuaci\u00f3.\" \/>\n<meta property=\"og:url\" content=\"https:\/\/arxiusoberts.gir.cat\/ca\/expos-virtuals\/\" \/>\n<meta property=\"og:site_name\" content=\"Arxius Oberts\" \/>\n<meta property=\"article:modified_time\" content=\"2023-05-04T13:40:47+00:00\" \/>\n<meta property=\"og:image\" content=\"https:\/\/arxiusoberts.gir.cat\/wp-content\/uploads\/2020\/11\/diba_183966-1024x683-1.jpg\" \/>\n\t<meta property=\"og:image:width\" content=\"1024\" \/>\n\t<meta property=\"og:image:height\" content=\"683\" \/>\n\t<meta property=\"og:image:type\" content=\"image\/jpeg\" \/>\n<meta name=\"twitter:card\" content=\"summary_large_image\" \/>\n<meta name=\"twitter:label1\" content=\"Temps estimat de lectura\" \/>\n\t<meta name=\"twitter:data1\" content=\"1 minut\" \/>\n<script type=\"application\/ld+json\" class=\"yoast-schema-graph\">{\"@context\":\"https:\/\/schema.org\",\"@graph\":[{\"@type\":[\"WebPage\",\"CollectionPage\"],\"@id\":\"https:\/\/arxiusoberts.gir.cat\/ca\/expos-virtuals\/\",\"url\":\"https:\/\/arxiusoberts.gir.cat\/ca\/expos-virtuals\/\",\"name\":\"Expos virtuals - Arxius Oberts\",\"isPartOf\":{\"@id\":\"https:\/\/arxiusoberts.gir.cat\/ca\/#website\"},\"datePublished\":\"2020-11-03T15:13:26+00:00\",\"dateModified\":\"2023-05-04T13:40:47+00:00\",\"breadcrumb\":{\"@id\":\"https:\/\/arxiusoberts.gir.cat\/ca\/expos-virtuals\/#breadcrumb\"},\"inLanguage\":\"ca\"},{\"@type\":\"BreadcrumbList\",\"@id\":\"https:\/\/arxiusoberts.gir.cat\/ca\/expos-virtuals\/#breadcrumb\",\"itemListElement\":[{\"@type\":\"ListItem\",\"position\":1,\"name\":\"Inici\",\"item\":\"https:\/\/arxiusoberts.gir.cat\/ca\/\"},{\"@type\":\"ListItem\",\"position\":2,\"name\":\"Expos virtuals\"}]},{\"@type\":\"WebSite\",\"@id\":\"https:\/\/arxiusoberts.gir.cat\/ca\/#website\",\"url\":\"https:\/\/arxiusoberts.gir.cat\/ca\/\",\"name\":\"Arxius Oberts\",\"description\":\"Narratives comunit\u00e0ries de Barcelona\",\"potentialAction\":[{\"@type\":\"SearchAction\",\"target\":{\"@type\":\"EntryPoint\",\"urlTemplate\":\"https:\/\/arxiusoberts.gir.cat\/ca\/?s={search_term_string}\"},\"query-input\":\"required name=search_term_string\"}],\"inLanguage\":\"ca\"}]}<\/script>\n<!-- \/ Yoast SEO plugin. -->","yoast_head_json":{"title":"Expos virtuals - Arxius Oberts","robots":{"index":"index","follow":"follow","max-snippet":"max-snippet:-1","max-image-preview":"max-image-preview:large","max-video-preview":"max-video-preview:-1"},"canonical":"https:\/\/arxiusoberts.gir.cat\/ca\/expos-virtuals\/","og_locale":"ca_ES","og_type":"article","og_title":"Expos virtuals - Arxius Oberts","og_description":"Una exposici\u00f3 \u00e9s un conjunt d\u2019elements de m\u00e8dia del mateix tipus, seleccionat i ordenat per un editor, que il\u00b7lustra de manera visual una tem\u00e0tica, rang cronol\u00f2gic o espai determinat. Explora les exposicions de la plataforma Arxius Oberts a continuaci\u00f3.","og_url":"https:\/\/arxiusoberts.gir.cat\/ca\/expos-virtuals\/","og_site_name":"Arxius Oberts","article_modified_time":"2023-05-04T13:40:47+00:00","og_image":[{"width":1024,"height":683,"url":"https:\/\/arxiusoberts.gir.cat\/wp-content\/uploads\/2020\/11\/diba_183966-1024x683-1.jpg","type":"image\/jpeg"}],"twitter_card":"summary_large_image","twitter_misc":{"Temps estimat de lectura":"1 minut"},"schema":{"@context":"https:\/\/schema.org","@graph":[{"@type":["WebPage","CollectionPage"],"@id":"https:\/\/arxiusoberts.gir.cat\/ca\/expos-virtuals\/","url":"https:\/\/arxiusoberts.gir.cat\/ca\/expos-virtuals\/","name":"Expos virtuals - Arxius Oberts","isPartOf":{"@id":"https:\/\/arxiusoberts.gir.cat\/ca\/#website"},"datePublished":"2020-11-03T15:13:26+00:00","dateModified":"2023-05-04T13:40:47+00:00","breadcrumb":{"@id":"https:\/\/arxiusoberts.gir.cat\/ca\/expos-virtuals\/#breadcrumb"},"inLanguage":"ca"},{"@type":"BreadcrumbList","@id":"https:\/\/arxiusoberts.gir.cat\/ca\/expos-virtuals\/#breadcrumb","itemListElement":[{"@type":"ListItem","position":1,"name":"Inici","item":"https:\/\/arxiusoberts.gir.cat\/ca\/"},{"@type":"ListItem","position":2,"name":"Expos virtuals"}]},{"@type":"WebSite","@id":"https:\/\/arxiusoberts.gir.cat\/ca\/#website","url":"https:\/\/arxiusoberts.gir.cat\/ca\/","name":"Arxius Oberts","description":"Narratives comunit\u00e0ries de Barcelona","potentialAction":[{"@type":"SearchAction","target":{"@type":"EntryPoint","urlTemplate":"https:\/\/arxiusoberts.gir.cat\/ca\/?s={search_term_string}"},"query-input":"required name=search_term_string"}],"inLanguage":"ca"}]}},"_links":{"self":[{"href":"https:\/\/arxiusoberts.gir.cat\/ca\/wp-json\/wp\/v2\/pages\/127"}],"collection":[{"href":"https:\/\/arxiusoberts.gir.cat\/ca\/wp-json\/wp\/v2\/pages"}],"about":[{"href":"https:\/\/arxiusoberts.gir.cat\/ca\/wp-json\/wp\/v2\/types\/page"}],"author":[{"embeddable":true,"href":"https:\/\/arxiusoberts.gir.cat\/ca\/wp-json\/wp\/v2\/users\/3"}],"replies":[{"embeddable":true,"href":"https:\/\/arxiusoberts.gir.cat\/ca\/wp-json\/wp\/v2\/comments?post=127"}],"version-history":[{"count":3,"href":"https:\/\/arxiusoberts.gir.cat\/ca\/wp-json\/wp\/v2\/pages\/127\/revisions"}],"predecessor-version":[{"id":642,"href":"https:\/\/arxiusoberts.gir.cat\/ca\/wp-json\/wp\/v2\/pages\/127\/revisions\/642"}],"wp:featuredmedia":[{"embeddable":true,"href":"https:\/\/arxiusoberts.gir.cat\/ca\/wp-json\/wp\/v2\/media\/244"}],"wp:attachment":[{"href":"https:\/\/arxiusoberts.gir.cat\/ca\/wp-json\/wp\/v2\/media?parent=127"}],"curies":[{"name":"wp","href":"https:\/\/api.w.org\/{rel}","templated":true}]}}