 {"id":129,"date":"2020-11-03T17:14:07","date_gmt":"2020-11-03T15:14:07","guid":{"rendered":"http:\/\/localhost\/arxiusoberts.cat\/?page_id=129"},"modified":"2023-05-04T15:42:02","modified_gmt":"2023-05-04T13:42:02","slug":"colleccions","status":"publish","type":"page","link":"https:\/\/arxiusoberts.gir.cat\/ca\/colleccions\/","title":{"rendered":"Col\u00b7leccions"},"content":{"rendered":"<p>Una col\u00b7leci\u00f3 \u00e9s una agrupaci\u00f3 d\u2019elements de m\u00e8dia, agrupats segons un criteri concret com pot ser la tem\u00e0tica, rang cronol\u00f2gic o entitat contribuidora per tal de facilitar la seva cerca i classificaci\u00f3.<\/p>\n<p>Explora les col\u00b7leccions de la plataforma Arxius Oberts a continuaci\u00f3.<\/p>\n","protected":false},"excerpt":{"rendered":"<p>Una col\u00b7leci\u00f3 \u00e9s una agrupaci\u00f3 d\u2019elements de m\u00e8dia, agrupats segons un criteri concret com pot ser la tem\u00e0tica, rang cronol\u00f2gic o entitat contribuidora per tal de facilitar la seva cerca i classificaci\u00f3. Explora les col\u00b7leccions de la plataforma Arxius Oberts a continuaci\u00f3.<\/p>\n","protected":false},"author":3,"featured_media":0,"parent":0,"menu_order":0,"comment_status":"closed","ping_status":"closed","template":"page-templates\/coleccions.php","meta":{"footnotes":""},"yoast_head":"<!-- This site is optimized with the Yoast SEO plugin v21.7 - https:\/\/yoast.com\/wordpress\/plugins\/seo\/ -->\n<title>Col\u00b7leccions - Arxius Oberts<\/title>\n<meta name=\"robots\" content=\"index, follow, max-snippet:-1, max-image-preview:large, max-video-preview:-1\" \/>\n<link rel=\"canonical\" href=\"https:\/\/arxiusoberts.gir.cat\/ca\/colleccions\/\" \/>\n<meta property=\"og:locale\" content=\"ca_ES\" \/>\n<meta property=\"og:type\" content=\"article\" \/>\n<meta property=\"og:title\" content=\"Col\u00b7leccions - Arxius Oberts\" \/>\n<meta property=\"og:description\" content=\"Una col\u00b7leci\u00f3 \u00e9s una agrupaci\u00f3 d\u2019elements de m\u00e8dia, agrupats segons un criteri concret com pot ser la tem\u00e0tica, rang cronol\u00f2gic o entitat contribuidora per tal de facilitar la seva cerca i classificaci\u00f3. Explora les col\u00b7leccions de la plataforma Arxius Oberts a continuaci\u00f3.\" \/>\n<meta property=\"og:url\" content=\"https:\/\/arxiusoberts.gir.cat\/ca\/colleccions\/\" \/>\n<meta property=\"og:site_name\" content=\"Arxius Oberts\" \/>\n<meta property=\"article:modified_time\" content=\"2023-05-04T13:42:02+00:00\" \/>\n<meta property=\"og:image\" content=\"https:\/\/arxiusoberts.gir.cat\/wp-content\/uploads\/2020\/12\/cropped-favicon.png\" \/>\n\t<meta property=\"og:image:width\" content=\"512\" \/>\n\t<meta property=\"og:image:height\" content=\"512\" \/>\n\t<meta property=\"og:image:type\" content=\"image\/png\" \/>\n<meta name=\"twitter:card\" content=\"summary_large_image\" \/>\n<meta name=\"twitter:label1\" content=\"Temps estimat de lectura\" \/>\n\t<meta name=\"twitter:data1\" content=\"1 minut\" \/>\n<script type=\"application\/ld+json\" class=\"yoast-schema-graph\">{\"@context\":\"https:\/\/schema.org\",\"@graph\":[{\"@type\":[\"WebPage\",\"CollectionPage\"],\"@id\":\"https:\/\/arxiusoberts.gir.cat\/ca\/colleccions\/\",\"url\":\"https:\/\/arxiusoberts.gir.cat\/ca\/colleccions\/\",\"name\":\"Col\u00b7leccions - Arxius Oberts\",\"isPartOf\":{\"@id\":\"https:\/\/arxiusoberts.gir.cat\/ca\/#website\"},\"datePublished\":\"2020-11-03T15:14:07+00:00\",\"dateModified\":\"2023-05-04T13:42:02+00:00\",\"breadcrumb\":{\"@id\":\"https:\/\/arxiusoberts.gir.cat\/ca\/colleccions\/#breadcrumb\"},\"inLanguage\":\"ca\"},{\"@type\":\"BreadcrumbList\",\"@id\":\"https:\/\/arxiusoberts.gir.cat\/ca\/colleccions\/#breadcrumb\",\"itemListElement\":[{\"@type\":\"ListItem\",\"position\":1,\"name\":\"Inici\",\"item\":\"https:\/\/arxiusoberts.gir.cat\/ca\/\"},{\"@type\":\"ListItem\",\"position\":2,\"name\":\"Col\u00b7leccions\"}]},{\"@type\":\"WebSite\",\"@id\":\"https:\/\/arxiusoberts.gir.cat\/ca\/#website\",\"url\":\"https:\/\/arxiusoberts.gir.cat\/ca\/\",\"name\":\"Arxius Oberts\",\"description\":\"Narratives comunit\u00e0ries de Barcelona\",\"potentialAction\":[{\"@type\":\"SearchAction\",\"target\":{\"@type\":\"EntryPoint\",\"urlTemplate\":\"https:\/\/arxiusoberts.gir.cat\/ca\/?s={search_term_string}\"},\"query-input\":\"required name=search_term_string\"}],\"inLanguage\":\"ca\"}]}<\/script>\n<!-- \/ Yoast SEO plugin. -->","yoast_head_json":{"title":"Col\u00b7leccions - Arxius Oberts","robots":{"index":"index","follow":"follow","max-snippet":"max-snippet:-1","max-image-preview":"max-image-preview:large","max-video-preview":"max-video-preview:-1"},"canonical":"https:\/\/arxiusoberts.gir.cat\/ca\/colleccions\/","og_locale":"ca_ES","og_type":"article","og_title":"Col\u00b7leccions - Arxius Oberts","og_description":"Una col\u00b7leci\u00f3 \u00e9s una agrupaci\u00f3 d\u2019elements de m\u00e8dia, agrupats segons un criteri concret com pot ser la tem\u00e0tica, rang cronol\u00f2gic o entitat contribuidora per tal de facilitar la seva cerca i classificaci\u00f3. Explora les col\u00b7leccions de la plataforma Arxius Oberts a continuaci\u00f3.","og_url":"https:\/\/arxiusoberts.gir.cat\/ca\/colleccions\/","og_site_name":"Arxius Oberts","article_modified_time":"2023-05-04T13:42:02+00:00","og_image":[{"width":512,"height":512,"url":"https:\/\/arxiusoberts.gir.cat\/wp-content\/uploads\/2020\/12\/cropped-favicon.png","type":"image\/png"}],"twitter_card":"summary_large_image","twitter_misc":{"Temps estimat de lectura":"1 minut"},"schema":{"@context":"https:\/\/schema.org","@graph":[{"@type":["WebPage","CollectionPage"],"@id":"https:\/\/arxiusoberts.gir.cat\/ca\/colleccions\/","url":"https:\/\/arxiusoberts.gir.cat\/ca\/colleccions\/","name":"Col\u00b7leccions - Arxius Oberts","isPartOf":{"@id":"https:\/\/arxiusoberts.gir.cat\/ca\/#website"},"datePublished":"2020-11-03T15:14:07+00:00","dateModified":"2023-05-04T13:42:02+00:00","breadcrumb":{"@id":"https:\/\/arxiusoberts.gir.cat\/ca\/colleccions\/#breadcrumb"},"inLanguage":"ca"},{"@type":"BreadcrumbList","@id":"https:\/\/arxiusoberts.gir.cat\/ca\/colleccions\/#breadcrumb","itemListElement":[{"@type":"ListItem","position":1,"name":"Inici","item":"https:\/\/arxiusoberts.gir.cat\/ca\/"},{"@type":"ListItem","position":2,"name":"Col\u00b7leccions"}]},{"@type":"WebSite","@id":"https:\/\/arxiusoberts.gir.cat\/ca\/#website","url":"https:\/\/arxiusoberts.gir.cat\/ca\/","name":"Arxius Oberts","description":"Narratives comunit\u00e0ries de Barcelona","potentialAction":[{"@type":"SearchAction","target":{"@type":"EntryPoint","urlTemplate":"https:\/\/arxiusoberts.gir.cat\/ca\/?s={search_term_string}"},"query-input":"required name=search_term_string"}],"inLanguage":"ca"}]}},"_links":{"self":[{"href":"https:\/\/arxiusoberts.gir.cat\/ca\/wp-json\/wp\/v2\/pages\/129"}],"collection":[{"href":"https:\/\/arxiusoberts.gir.cat\/ca\/wp-json\/wp\/v2\/pages"}],"about":[{"href":"https:\/\/arxiusoberts.gir.cat\/ca\/wp-json\/wp\/v2\/types\/page"}],"author":[{"embeddable":true,"href":"https:\/\/arxiusoberts.gir.cat\/ca\/wp-json\/wp\/v2\/users\/3"}],"replies":[{"embeddable":true,"href":"https:\/\/arxiusoberts.gir.cat\/ca\/wp-json\/wp\/v2\/comments?post=129"}],"version-history":[{"count":2,"href":"https:\/\/arxiusoberts.gir.cat\/ca\/wp-json\/wp\/v2\/pages\/129\/revisions"}],"predecessor-version":[{"id":654,"href":"https:\/\/arxiusoberts.gir.cat\/ca\/wp-json\/wp\/v2\/pages\/129\/revisions\/654"}],"wp:attachment":[{"href":"https:\/\/arxiusoberts.gir.cat\/ca\/wp-json\/wp\/v2\/media?parent=129"}],"curies":[{"name":"wp","href":"https:\/\/api.w.org\/{rel}","templated":true}]}}