 {"id":138,"date":"2020-11-03T17:18:09","date_gmt":"2020-11-03T15:18:09","guid":{"rendered":"http:\/\/localhost\/arxiusoberts.cat\/?page_id=138"},"modified":"2023-05-04T15:41:27","modified_gmt":"2023-05-04T13:41:27","slug":"contribucions","status":"publish","type":"page","link":"https:\/\/arxiusoberts.gir.cat\/ca\/contribucions\/","title":{"rendered":"Contribucions"},"content":{"rendered":"<p>La plataforma d\u2019Arxius Oberts \u00e9s possible gr\u00e0cies a la feina de molts professionals i persones volunt\u00e0ries, que amb moltes esfor\u00e7os han documentat, catalogat i preservat digitalment el patrimoni cultural de la ciutat de Barcelona. En aquesta p\u00e0gina teniu llistats a totes les entitats i institucions que han contribuit continguts a la plataforma, amb el nombre d\u2019elements de patrimoni digital que han posat a la vostra lliure disposici\u00f3.<\/p>\n<p>Si sou una instituci\u00f3, associaci\u00f3 comunit\u00e0ria o col\u00b7lectiu ciutad\u00e0 i teniu contingut de valor patrimonial que voleu fer accessible a la ciutadania a trav\u00e9s de la plataforma Arxius Oberts, no dubteu en posar-vos en contacte amb nosaltres utilitzant el formulari.<\/p>\n","protected":false},"excerpt":{"rendered":"<p>La plataforma d\u2019Arxius Oberts \u00e9s possible gr\u00e0cies a la feina de molts professionals i persones volunt\u00e0ries, que amb moltes esfor\u00e7os han documentat, catalogat i preservat digitalment el patrimoni cultural de la ciutat de Barcelona. En aquesta p\u00e0gina teniu llistats a totes les entitats i institucions que han contribuit continguts a la plataforma, amb el nombre [&hellip;]<\/p>\n","protected":false},"author":3,"featured_media":0,"parent":0,"menu_order":0,"comment_status":"closed","ping_status":"closed","template":"page-templates\/contribucions.php","meta":{"footnotes":""},"yoast_head":"<!-- This site is optimized with the Yoast SEO plugin v21.7 - https:\/\/yoast.com\/wordpress\/plugins\/seo\/ -->\n<title>Contribucions - Arxius Oberts<\/title>\n<meta name=\"robots\" content=\"index, follow, max-snippet:-1, max-image-preview:large, max-video-preview:-1\" \/>\n<link rel=\"canonical\" href=\"https:\/\/arxiusoberts.gir.cat\/ca\/contribucions\/\" \/>\n<meta property=\"og:locale\" content=\"ca_ES\" \/>\n<meta property=\"og:type\" content=\"article\" \/>\n<meta property=\"og:title\" content=\"Contribucions - Arxius Oberts\" \/>\n<meta property=\"og:description\" content=\"La plataforma d\u2019Arxius Oberts \u00e9s possible gr\u00e0cies a la feina de molts professionals i persones volunt\u00e0ries, que amb moltes esfor\u00e7os han documentat, catalogat i preservat digitalment el patrimoni cultural de la ciutat de Barcelona. En aquesta p\u00e0gina teniu llistats a totes les entitats i institucions que han contribuit continguts a la plataforma, amb el nombre [&hellip;]\" \/>\n<meta property=\"og:url\" content=\"https:\/\/arxiusoberts.gir.cat\/ca\/contribucions\/\" \/>\n<meta property=\"og:site_name\" content=\"Arxius Oberts\" \/>\n<meta property=\"article:modified_time\" content=\"2023-05-04T13:41:27+00:00\" \/>\n<meta property=\"og:image\" content=\"https:\/\/arxiusoberts.gir.cat\/wp-content\/uploads\/2020\/12\/cropped-favicon.png\" \/>\n\t<meta property=\"og:image:width\" content=\"512\" \/>\n\t<meta property=\"og:image:height\" content=\"512\" \/>\n\t<meta property=\"og:image:type\" content=\"image\/png\" \/>\n<meta name=\"twitter:card\" content=\"summary_large_image\" \/>\n<meta name=\"twitter:label1\" content=\"Temps estimat de lectura\" \/>\n\t<meta name=\"twitter:data1\" content=\"1 minut\" \/>\n<script type=\"application\/ld+json\" class=\"yoast-schema-graph\">{\"@context\":\"https:\/\/schema.org\",\"@graph\":[{\"@type\":[\"WebPage\",\"CollectionPage\"],\"@id\":\"https:\/\/arxiusoberts.gir.cat\/ca\/contribucions\/\",\"url\":\"https:\/\/arxiusoberts.gir.cat\/ca\/contribucions\/\",\"name\":\"Contribucions - Arxius Oberts\",\"isPartOf\":{\"@id\":\"https:\/\/arxiusoberts.gir.cat\/ca\/#website\"},\"datePublished\":\"2020-11-03T15:18:09+00:00\",\"dateModified\":\"2023-05-04T13:41:27+00:00\",\"breadcrumb\":{\"@id\":\"https:\/\/arxiusoberts.gir.cat\/ca\/contribucions\/#breadcrumb\"},\"inLanguage\":\"ca\"},{\"@type\":\"BreadcrumbList\",\"@id\":\"https:\/\/arxiusoberts.gir.cat\/ca\/contribucions\/#breadcrumb\",\"itemListElement\":[{\"@type\":\"ListItem\",\"position\":1,\"name\":\"Inici\",\"item\":\"https:\/\/arxiusoberts.gir.cat\/ca\/\"},{\"@type\":\"ListItem\",\"position\":2,\"name\":\"Contribucions\"}]},{\"@type\":\"WebSite\",\"@id\":\"https:\/\/arxiusoberts.gir.cat\/ca\/#website\",\"url\":\"https:\/\/arxiusoberts.gir.cat\/ca\/\",\"name\":\"Arxius Oberts\",\"description\":\"Narratives comunit\u00e0ries de Barcelona\",\"potentialAction\":[{\"@type\":\"SearchAction\",\"target\":{\"@type\":\"EntryPoint\",\"urlTemplate\":\"https:\/\/arxiusoberts.gir.cat\/ca\/?s={search_term_string}\"},\"query-input\":\"required name=search_term_string\"}],\"inLanguage\":\"ca\"}]}<\/script>\n<!-- \/ Yoast SEO plugin. -->","yoast_head_json":{"title":"Contribucions - Arxius Oberts","robots":{"index":"index","follow":"follow","max-snippet":"max-snippet:-1","max-image-preview":"max-image-preview:large","max-video-preview":"max-video-preview:-1"},"canonical":"https:\/\/arxiusoberts.gir.cat\/ca\/contribucions\/","og_locale":"ca_ES","og_type":"article","og_title":"Contribucions - Arxius Oberts","og_description":"La plataforma d\u2019Arxius Oberts \u00e9s possible gr\u00e0cies a la feina de molts professionals i persones volunt\u00e0ries, que amb moltes esfor\u00e7os han documentat, catalogat i preservat digitalment el patrimoni cultural de la ciutat de Barcelona. En aquesta p\u00e0gina teniu llistats a totes les entitats i institucions que han contribuit continguts a la plataforma, amb el nombre [&hellip;]","og_url":"https:\/\/arxiusoberts.gir.cat\/ca\/contribucions\/","og_site_name":"Arxius Oberts","article_modified_time":"2023-05-04T13:41:27+00:00","og_image":[{"width":512,"height":512,"url":"https:\/\/arxiusoberts.gir.cat\/wp-content\/uploads\/2020\/12\/cropped-favicon.png","type":"image\/png"}],"twitter_card":"summary_large_image","twitter_misc":{"Temps estimat de lectura":"1 minut"},"schema":{"@context":"https:\/\/schema.org","@graph":[{"@type":["WebPage","CollectionPage"],"@id":"https:\/\/arxiusoberts.gir.cat\/ca\/contribucions\/","url":"https:\/\/arxiusoberts.gir.cat\/ca\/contribucions\/","name":"Contribucions - Arxius Oberts","isPartOf":{"@id":"https:\/\/arxiusoberts.gir.cat\/ca\/#website"},"datePublished":"2020-11-03T15:18:09+00:00","dateModified":"2023-05-04T13:41:27+00:00","breadcrumb":{"@id":"https:\/\/arxiusoberts.gir.cat\/ca\/contribucions\/#breadcrumb"},"inLanguage":"ca"},{"@type":"BreadcrumbList","@id":"https:\/\/arxiusoberts.gir.cat\/ca\/contribucions\/#breadcrumb","itemListElement":[{"@type":"ListItem","position":1,"name":"Inici","item":"https:\/\/arxiusoberts.gir.cat\/ca\/"},{"@type":"ListItem","position":2,"name":"Contribucions"}]},{"@type":"WebSite","@id":"https:\/\/arxiusoberts.gir.cat\/ca\/#website","url":"https:\/\/arxiusoberts.gir.cat\/ca\/","name":"Arxius Oberts","description":"Narratives comunit\u00e0ries de Barcelona","potentialAction":[{"@type":"SearchAction","target":{"@type":"EntryPoint","urlTemplate":"https:\/\/arxiusoberts.gir.cat\/ca\/?s={search_term_string}"},"query-input":"required name=search_term_string"}],"inLanguage":"ca"}]}},"_links":{"self":[{"href":"https:\/\/arxiusoberts.gir.cat\/ca\/wp-json\/wp\/v2\/pages\/138"}],"collection":[{"href":"https:\/\/arxiusoberts.gir.cat\/ca\/wp-json\/wp\/v2\/pages"}],"about":[{"href":"https:\/\/arxiusoberts.gir.cat\/ca\/wp-json\/wp\/v2\/types\/page"}],"author":[{"embeddable":true,"href":"https:\/\/arxiusoberts.gir.cat\/ca\/wp-json\/wp\/v2\/users\/3"}],"replies":[{"embeddable":true,"href":"https:\/\/arxiusoberts.gir.cat\/ca\/wp-json\/wp\/v2\/comments?post=138"}],"version-history":[{"count":5,"href":"https:\/\/arxiusoberts.gir.cat\/ca\/wp-json\/wp\/v2\/pages\/138\/revisions"}],"predecessor-version":[{"id":4410,"href":"https:\/\/arxiusoberts.gir.cat\/ca\/wp-json\/wp\/v2\/pages\/138\/revisions\/4410"}],"wp:attachment":[{"href":"https:\/\/arxiusoberts.gir.cat\/ca\/wp-json\/wp\/v2\/media?parent=138"}],"curies":[{"name":"wp","href":"https:\/\/api.w.org\/{rel}","templated":true}]}}