 {"id":149,"date":"2020-11-03T17:31:50","date_gmt":"2020-11-03T15:31:50","guid":{"rendered":"http:\/\/localhost\/arxiusoberts.cat\/?page_id=149"},"modified":"2023-03-30T11:10:30","modified_gmt":"2023-03-30T09:10:30","slug":"avis-legal","status":"publish","type":"page","link":"https:\/\/arxiusoberts.gir.cat\/ca\/avis-legal\/","title":{"rendered":"Av\u00eds legal"},"content":{"rendered":"<h4><strong>Llic\u00e8ncia CC-BY-NC 4.0<\/strong><\/h4>\n<p>Els continguts presentats en aquesta p\u00e0gina estan coberts per una llic\u00e8ncia Creative Commons Reconeixement \u2013 No comercial (CC BY \u2013 NC 4.0), excepte en aquelles ocasions on s\u2019indiqui expressament. Aquesta llic\u00e8ncia permet a altres barrejar, ajustar i construir a partir dels continguts de la p\u00e0gina per a fins no comercials, i encara que en les seves noves creacions hagin de recon\u00e8ixer la seva autoria i no puguin ser utilitzades de manera comercial, no han d\u2019estar sota una llic\u00e8ncia amb els mateixos termes.<\/p>\n<p>Podeu consultar el text legal complet de la llic\u00e8ncia en el seg\u00fcent enlla\u00e7:<\/p>\n<p>https:\/\/creativecommons.org\/licenses\/by-nc\/4.0\/legalcode.es<\/p>\n<p>&nbsp;<\/p>\n<h4><strong>Respecte als drets reservats dels propietaris legals<\/strong><\/h4>\n<p>La plataforma Arxius Oberts aposta per la cultura lliure i la reutilitzaci\u00f3 de patrimoni cultural digital, sense perjudici del respecte als drets reservats dels propietaris legals.<\/p>\n<p>Si ets propietari dels drets d\u2019algun dels elements de patrimoni cultural digital accessible a trav\u00e9s de la plataforma Arxius Oberts, i has vist vulnerat algun dels teus drets en algun dels usos que es duen a terme en aquesta plataforma, sisplau contacta\u2019ns per a donar-te la possibilitat com a tenidor de drets del contingut de que exerceixis els teus drets si aix\u00ed ho desitges.<\/p>\n","protected":false},"excerpt":{"rendered":"<p>Llic\u00e8ncia CC-BY-NC 4.0 Els continguts presentats en aquesta p\u00e0gina estan coberts per una llic\u00e8ncia Creative Commons Reconeixement \u2013 No comercial (CC BY \u2013 NC 4.0), excepte en aquelles ocasions on s\u2019indiqui expressament. Aquesta llic\u00e8ncia permet a altres barrejar, ajustar i construir a partir dels continguts de la p\u00e0gina per a fins no comercials, i encara [&hellip;]<\/p>\n","protected":false},"author":3,"featured_media":0,"parent":0,"menu_order":0,"comment_status":"closed","ping_status":"closed","template":"","meta":{"footnotes":""},"yoast_head":"<!-- This site is optimized with the Yoast SEO plugin v21.7 - https:\/\/yoast.com\/wordpress\/plugins\/seo\/ -->\n<title>Av\u00eds legal - Arxius Oberts<\/title>\n<meta name=\"robots\" content=\"noindex, nofollow\" \/>\n<meta property=\"og:locale\" content=\"ca_ES\" \/>\n<meta property=\"og:type\" content=\"article\" \/>\n<meta property=\"og:title\" content=\"Av\u00eds legal - Arxius Oberts\" \/>\n<meta property=\"og:description\" content=\"Llic\u00e8ncia CC-BY-NC 4.0 Els continguts presentats en aquesta p\u00e0gina estan coberts per una llic\u00e8ncia Creative Commons Reconeixement \u2013 No comercial (CC BY \u2013 NC 4.0), excepte en aquelles ocasions on s\u2019indiqui expressament. Aquesta llic\u00e8ncia permet a altres barrejar, ajustar i construir a partir dels continguts de la p\u00e0gina per a fins no comercials, i encara [&hellip;]\" \/>\n<meta property=\"og:url\" content=\"https:\/\/arxiusoberts.gir.cat\/ca\/avis-legal\/\" \/>\n<meta property=\"og:site_name\" content=\"Arxius Oberts\" \/>\n<meta property=\"article:modified_time\" content=\"2023-03-30T09:10:30+00:00\" \/>\n<meta property=\"og:image\" content=\"https:\/\/arxiusoberts.gir.cat\/wp-content\/uploads\/2020\/12\/cropped-favicon.png\" \/>\n\t<meta property=\"og:image:width\" content=\"512\" \/>\n\t<meta property=\"og:image:height\" content=\"512\" \/>\n\t<meta property=\"og:image:type\" content=\"image\/png\" \/>\n<meta name=\"twitter:card\" content=\"summary_large_image\" \/>\n<meta name=\"twitter:label1\" content=\"Temps estimat de lectura\" \/>\n\t<meta name=\"twitter:data1\" content=\"1 minut\" \/>\n<script type=\"application\/ld+json\" class=\"yoast-schema-graph\">{\"@context\":\"https:\/\/schema.org\",\"@graph\":[{\"@type\":\"WebPage\",\"@id\":\"https:\/\/arxiusoberts.gir.cat\/ca\/avis-legal\/\",\"url\":\"https:\/\/arxiusoberts.gir.cat\/ca\/avis-legal\/\",\"name\":\"Av\u00eds legal - Arxius Oberts\",\"isPartOf\":{\"@id\":\"https:\/\/arxiusoberts.gir.cat\/ca\/#website\"},\"datePublished\":\"2020-11-03T15:31:50+00:00\",\"dateModified\":\"2023-03-30T09:10:30+00:00\",\"breadcrumb\":{\"@id\":\"https:\/\/arxiusoberts.gir.cat\/ca\/avis-legal\/#breadcrumb\"},\"inLanguage\":\"ca\",\"potentialAction\":[{\"@type\":\"ReadAction\",\"target\":[\"https:\/\/arxiusoberts.gir.cat\/ca\/avis-legal\/\"]}]},{\"@type\":\"BreadcrumbList\",\"@id\":\"https:\/\/arxiusoberts.gir.cat\/ca\/avis-legal\/#breadcrumb\",\"itemListElement\":[{\"@type\":\"ListItem\",\"position\":1,\"name\":\"Inici\",\"item\":\"https:\/\/arxiusoberts.gir.cat\/ca\/\"},{\"@type\":\"ListItem\",\"position\":2,\"name\":\"Av\u00eds legal\"}]},{\"@type\":\"WebSite\",\"@id\":\"https:\/\/arxiusoberts.gir.cat\/ca\/#website\",\"url\":\"https:\/\/arxiusoberts.gir.cat\/ca\/\",\"name\":\"Arxius Oberts\",\"description\":\"Narratives comunit\u00e0ries de Barcelona\",\"potentialAction\":[{\"@type\":\"SearchAction\",\"target\":{\"@type\":\"EntryPoint\",\"urlTemplate\":\"https:\/\/arxiusoberts.gir.cat\/ca\/?s={search_term_string}\"},\"query-input\":\"required name=search_term_string\"}],\"inLanguage\":\"ca\"}]}<\/script>\n<!-- \/ Yoast SEO plugin. -->","yoast_head_json":{"title":"Av\u00eds legal - Arxius Oberts","robots":{"index":"noindex","follow":"nofollow"},"og_locale":"ca_ES","og_type":"article","og_title":"Av\u00eds legal - Arxius Oberts","og_description":"Llic\u00e8ncia CC-BY-NC 4.0 Els continguts presentats en aquesta p\u00e0gina estan coberts per una llic\u00e8ncia Creative Commons Reconeixement \u2013 No comercial (CC BY \u2013 NC 4.0), excepte en aquelles ocasions on s\u2019indiqui expressament. Aquesta llic\u00e8ncia permet a altres barrejar, ajustar i construir a partir dels continguts de la p\u00e0gina per a fins no comercials, i encara [&hellip;]","og_url":"https:\/\/arxiusoberts.gir.cat\/ca\/avis-legal\/","og_site_name":"Arxius Oberts","article_modified_time":"2023-03-30T09:10:30+00:00","og_image":[{"width":512,"height":512,"url":"https:\/\/arxiusoberts.gir.cat\/wp-content\/uploads\/2020\/12\/cropped-favicon.png","type":"image\/png"}],"twitter_card":"summary_large_image","twitter_misc":{"Temps estimat de lectura":"1 minut"},"schema":{"@context":"https:\/\/schema.org","@graph":[{"@type":"WebPage","@id":"https:\/\/arxiusoberts.gir.cat\/ca\/avis-legal\/","url":"https:\/\/arxiusoberts.gir.cat\/ca\/avis-legal\/","name":"Av\u00eds legal - Arxius Oberts","isPartOf":{"@id":"https:\/\/arxiusoberts.gir.cat\/ca\/#website"},"datePublished":"2020-11-03T15:31:50+00:00","dateModified":"2023-03-30T09:10:30+00:00","breadcrumb":{"@id":"https:\/\/arxiusoberts.gir.cat\/ca\/avis-legal\/#breadcrumb"},"inLanguage":"ca","potentialAction":[{"@type":"ReadAction","target":["https:\/\/arxiusoberts.gir.cat\/ca\/avis-legal\/"]}]},{"@type":"BreadcrumbList","@id":"https:\/\/arxiusoberts.gir.cat\/ca\/avis-legal\/#breadcrumb","itemListElement":[{"@type":"ListItem","position":1,"name":"Inici","item":"https:\/\/arxiusoberts.gir.cat\/ca\/"},{"@type":"ListItem","position":2,"name":"Av\u00eds legal"}]},{"@type":"WebSite","@id":"https:\/\/arxiusoberts.gir.cat\/ca\/#website","url":"https:\/\/arxiusoberts.gir.cat\/ca\/","name":"Arxius Oberts","description":"Narratives comunit\u00e0ries de Barcelona","potentialAction":[{"@type":"SearchAction","target":{"@type":"EntryPoint","urlTemplate":"https:\/\/arxiusoberts.gir.cat\/ca\/?s={search_term_string}"},"query-input":"required name=search_term_string"}],"inLanguage":"ca"}]}},"_links":{"self":[{"href":"https:\/\/arxiusoberts.gir.cat\/ca\/wp-json\/wp\/v2\/pages\/149"}],"collection":[{"href":"https:\/\/arxiusoberts.gir.cat\/ca\/wp-json\/wp\/v2\/pages"}],"about":[{"href":"https:\/\/arxiusoberts.gir.cat\/ca\/wp-json\/wp\/v2\/types\/page"}],"author":[{"embeddable":true,"href":"https:\/\/arxiusoberts.gir.cat\/ca\/wp-json\/wp\/v2\/users\/3"}],"replies":[{"embeddable":true,"href":"https:\/\/arxiusoberts.gir.cat\/ca\/wp-json\/wp\/v2\/comments?post=149"}],"version-history":[{"count":4,"href":"https:\/\/arxiusoberts.gir.cat\/ca\/wp-json\/wp\/v2\/pages\/149\/revisions"}],"predecessor-version":[{"id":4407,"href":"https:\/\/arxiusoberts.gir.cat\/ca\/wp-json\/wp\/v2\/pages\/149\/revisions\/4407"}],"wp:attachment":[{"href":"https:\/\/arxiusoberts.gir.cat\/ca\/wp-json\/wp\/v2\/media?parent=149"}],"curies":[{"name":"wp","href":"https:\/\/api.w.org\/{rel}","templated":true}]}}