 {"id":153,"date":"2020-11-03T17:50:21","date_gmt":"2020-11-03T15:50:21","guid":{"rendered":"http:\/\/localhost\/arxiusoberts.cat\/?page_id=153"},"modified":"2023-03-30T11:10:03","modified_gmt":"2023-03-30T09:10:03","slug":"politica-de-privadesa","status":"publish","type":"page","link":"https:\/\/arxiusoberts.gir.cat\/ca\/politica-de-privadesa\/","title":{"rendered":"Pol\u00edtica de privadesa"},"content":{"rendered":"<h3><strong>Qui som<\/strong><\/h3>\n<p>La nostra adre\u00e7a web \u00e9s: http:\/\/localhost\/arxiusoberts.cat\/ca\/.<\/p>\n<h4><strong>Quines dades personals recollim i per qu\u00e8:<\/strong><\/h4>\n<p>&nbsp;<\/p>\n<h4>Comentaris<\/h4>\n<p>Quan els visitants deixen comentaris a la web, recollim les dades que es mostren al formulari de contacte, aix\u00ed com l&#8217;adre\u00e7a IP del visitant i la cadena de l&#8217;agent de l&#8217;usuari del navegador per ajudar a la detecci\u00f3 de missatges brossa.<\/p>\n<p>Una cadena anonimitzada creada a partir del correu electr\u00f2nic (tamb\u00e9 anomenat un hash) pot proporcionar-se al servei Gravatar per veure si l&#8217;esteu usant. La pol\u00edtica de privadesa del servei Gravatar est\u00e0 disponible aqu\u00ed: https:\/\/automattic.com\/privacy\/. Una vegada aprovat el comentari, la imatge del vostre perfil \u00e9s visible al p\u00fablic al context del comentari.<\/p>\n<p>&nbsp;<\/p>\n<h4>M\u00e8dia<\/h4>\n<p>Si pugeu imatges al lloc web, heu d&#8217;evitar pujar imatges que incloguin dades de geolocalitzaci\u00f3 (EXIF GPS) incrustades. Els visitants del lloc web poden descarregar i extreure qualsevol informaci\u00f3 de les imatges de la web.<\/p>\n<p>&nbsp;<\/p>\n<h4>Galetes<\/h4>\n<p>Si deixeu un comentari en la p\u00e0gina web, podeu optar per desar el nom, l&#8217;adre\u00e7a de correu electr\u00f2nic i la p\u00e0gina web en les galetes. Aix\u00f2 \u00e9s per la vostra comoditat perqu\u00e8 no h\u00e0geu d&#8217;emplenar les dades de nou quan feu un altre comentari. Aquestes galetes duraran un any.<\/p>\n<p>Si teniu un compte i inicieu sessi\u00f3 en aquesta p\u00e0gina web, es definir\u00e0 una galeta temporal per determinar si el navegador accepta galetes. Aquesta galeta no cont\u00e9 dades personals i es descartar\u00e0 quan tanqueu el navegador.<\/p>\n<p>Quan inicieu sessi\u00f3, tamb\u00e9 es configuraran diverses galetes per desar la informaci\u00f3 d&#8217;inici de sessi\u00f3 i les opcions de visualitzaci\u00f3 de la pantalla. Les galeres d&#8217;inici de sessi\u00f3 duren dos dies, i les galetes de les opcions de pantalla duren un any. Si seleccioneu &#8220;Recordeu-me&#8221;, l&#8217;inici de sessi\u00f3 persistir\u00e0 durant dues setmanes. Si finalitzeu la sessi\u00f3, les galetes d&#8217;inici de sessi\u00f3 seran suprimides.<\/p>\n<p>Si editeu o publiqueu un article, una galeta addicional es desar\u00e0 al navegador. Aquesta galeta no inclou dades personals i simplement indica l&#8217;identificador de l&#8217;entrada que acabeu d&#8217;editar. Expira despr\u00e9s d&#8217;1 dia.<\/p>\n<p>&nbsp;<\/p>\n<h4>Contingut incrustat d&#8217;altres llocs web<\/h4>\n<p>Els articles en aquesta p\u00e0gina web inclou contingut incrustat (per exemple, v\u00eddeos, imatges, articles, etc.). El contingut incrustat des d&#8217;altres p\u00e0gines web es comporta exactament de la mateixa manera com si el visitant estigu\u00e9s visitant l&#8217;altra p\u00e0gina web.<\/p>\n<p>Aquestes p\u00e0gines web poden recollir dades sobre v\u00f3s, fer servir galetes, incrustar seguiment addicional de terceres parts, i monitorar la interacci\u00f3 amb el contingut incrustat, incloent-hi la tra\u00e7a de la interacci\u00f3 amb el contingut incrustat si teniu un compte i heu iniciat sessi\u00f3 en aquesta p\u00e0gina web.<\/p>\n<p>&nbsp;<\/p>\n<h4>Quant de temps retenim les dades<\/h4>\n<p>Si deixeu un comentari, el comentari i les seves dades meta es retenen indefinidament. Aix\u00f2 \u00e9s per poder recon\u00e8ixer i aprovar autom\u00e0ticament qualsevol comentari de seguiment en lloc de mantenir-los en la cua de moderaci\u00f3.<\/p>\n<p>Per als usuaris que es registren en la web (si hi ha), tamb\u00e9 emmagatzemem la informaci\u00f3 personal que proporcionen al seu perfil d&#8217;usuari. Tots els usuaris poden veure, editar o suprimir la seva informaci\u00f3 personal en qualsevol moment (excepte que no poden canviar el seu nom d&#8217;usuari). Els administradors de la p\u00e0gina web poden tamb\u00e9 editar aquesta informaci\u00f3.<\/p>\n<p>&nbsp;<\/p>\n<h4>Quins drets teniu sobre les vostres dades<\/h4>\n<p>Si teniu un compte en aquest lloc web o hi heu deixat comentaris, podeu demanar que us enviem un fitxer d&#8217;exportaci\u00f3 de les vostres dades personals, incloent-hi totes les dades que ens h\u00e0geu proporcionat. Tamb\u00e9 podeu demanar que esborrem qualsevol dada personal vostra que tinguem. Aix\u00f2 no inclou les dades que estiguem obligats a conservar amb prop\u00f2sits administratius, legals o de seguretat.<\/p>\n","protected":false},"excerpt":{"rendered":"<p>Qui som La nostra adre\u00e7a web \u00e9s: http:\/\/localhost\/arxiusoberts.cat\/ca\/. Quines dades personals recollim i per qu\u00e8: &nbsp; Comentaris Quan els visitants deixen comentaris a la web, recollim les dades que es mostren al formulari de contacte, aix\u00ed com l&#8217;adre\u00e7a IP del visitant i la cadena de l&#8217;agent de l&#8217;usuari del navegador per ajudar a la detecci\u00f3 [&hellip;]<\/p>\n","protected":false},"author":3,"featured_media":0,"parent":0,"menu_order":0,"comment_status":"closed","ping_status":"closed","template":"","meta":{"footnotes":""},"yoast_head":"<!-- This site is optimized with the Yoast SEO plugin v21.7 - https:\/\/yoast.com\/wordpress\/plugins\/seo\/ -->\n<title>Pol\u00edtica de privadesa - Arxius Oberts<\/title>\n<meta name=\"robots\" content=\"noindex, nofollow\" \/>\n<meta property=\"og:locale\" content=\"ca_ES\" \/>\n<meta property=\"og:type\" content=\"article\" \/>\n<meta property=\"og:title\" content=\"Pol\u00edtica de privadesa - Arxius Oberts\" \/>\n<meta property=\"og:description\" content=\"Qui som La nostra adre\u00e7a web \u00e9s: http:\/\/localhost\/arxiusoberts.cat\/ca\/. Quines dades personals recollim i per qu\u00e8: &nbsp; Comentaris Quan els visitants deixen comentaris a la web, recollim les dades que es mostren al formulari de contacte, aix\u00ed com l&#8217;adre\u00e7a IP del visitant i la cadena de l&#8217;agent de l&#8217;usuari del navegador per ajudar a la detecci\u00f3 [&hellip;]\" \/>\n<meta property=\"og:url\" content=\"https:\/\/arxiusoberts.gir.cat\/ca\/politica-de-privadesa\/\" \/>\n<meta property=\"og:site_name\" content=\"Arxius Oberts\" \/>\n<meta property=\"article:modified_time\" content=\"2023-03-30T09:10:03+00:00\" \/>\n<meta property=\"og:image\" content=\"https:\/\/arxiusoberts.gir.cat\/wp-content\/uploads\/2020\/12\/cropped-favicon.png\" \/>\n\t<meta property=\"og:image:width\" content=\"512\" \/>\n\t<meta property=\"og:image:height\" content=\"512\" \/>\n\t<meta property=\"og:image:type\" content=\"image\/png\" \/>\n<meta name=\"twitter:card\" content=\"summary_large_image\" \/>\n<meta name=\"twitter:label1\" content=\"Temps estimat de lectura\" \/>\n\t<meta name=\"twitter:data1\" content=\"3 minuts\" \/>\n<script type=\"application\/ld+json\" class=\"yoast-schema-graph\">{\"@context\":\"https:\/\/schema.org\",\"@graph\":[{\"@type\":\"WebPage\",\"@id\":\"https:\/\/arxiusoberts.gir.cat\/ca\/politica-de-privadesa\/\",\"url\":\"https:\/\/arxiusoberts.gir.cat\/ca\/politica-de-privadesa\/\",\"name\":\"Pol\u00edtica de privadesa - Arxius Oberts\",\"isPartOf\":{\"@id\":\"https:\/\/arxiusoberts.gir.cat\/ca\/#website\"},\"datePublished\":\"2020-11-03T15:50:21+00:00\",\"dateModified\":\"2023-03-30T09:10:03+00:00\",\"breadcrumb\":{\"@id\":\"https:\/\/arxiusoberts.gir.cat\/ca\/politica-de-privadesa\/#breadcrumb\"},\"inLanguage\":\"ca\",\"potentialAction\":[{\"@type\":\"ReadAction\",\"target\":[\"https:\/\/arxiusoberts.gir.cat\/ca\/politica-de-privadesa\/\"]}]},{\"@type\":\"BreadcrumbList\",\"@id\":\"https:\/\/arxiusoberts.gir.cat\/ca\/politica-de-privadesa\/#breadcrumb\",\"itemListElement\":[{\"@type\":\"ListItem\",\"position\":1,\"name\":\"Inici\",\"item\":\"https:\/\/arxiusoberts.gir.cat\/ca\/\"},{\"@type\":\"ListItem\",\"position\":2,\"name\":\"Pol\u00edtica de privadesa\"}]},{\"@type\":\"WebSite\",\"@id\":\"https:\/\/arxiusoberts.gir.cat\/ca\/#website\",\"url\":\"https:\/\/arxiusoberts.gir.cat\/ca\/\",\"name\":\"Arxius Oberts\",\"description\":\"Narratives comunit\u00e0ries de Barcelona\",\"potentialAction\":[{\"@type\":\"SearchAction\",\"target\":{\"@type\":\"EntryPoint\",\"urlTemplate\":\"https:\/\/arxiusoberts.gir.cat\/ca\/?s={search_term_string}\"},\"query-input\":\"required name=search_term_string\"}],\"inLanguage\":\"ca\"}]}<\/script>\n<!-- \/ Yoast SEO plugin. -->","yoast_head_json":{"title":"Pol\u00edtica de privadesa - Arxius Oberts","robots":{"index":"noindex","follow":"nofollow"},"og_locale":"ca_ES","og_type":"article","og_title":"Pol\u00edtica de privadesa - Arxius Oberts","og_description":"Qui som La nostra adre\u00e7a web \u00e9s: http:\/\/localhost\/arxiusoberts.cat\/ca\/. Quines dades personals recollim i per qu\u00e8: &nbsp; Comentaris Quan els visitants deixen comentaris a la web, recollim les dades que es mostren al formulari de contacte, aix\u00ed com l&#8217;adre\u00e7a IP del visitant i la cadena de l&#8217;agent de l&#8217;usuari del navegador per ajudar a la detecci\u00f3 [&hellip;]","og_url":"https:\/\/arxiusoberts.gir.cat\/ca\/politica-de-privadesa\/","og_site_name":"Arxius Oberts","article_modified_time":"2023-03-30T09:10:03+00:00","og_image":[{"width":512,"height":512,"url":"https:\/\/arxiusoberts.gir.cat\/wp-content\/uploads\/2020\/12\/cropped-favicon.png","type":"image\/png"}],"twitter_card":"summary_large_image","twitter_misc":{"Temps estimat de lectura":"3 minuts"},"schema":{"@context":"https:\/\/schema.org","@graph":[{"@type":"WebPage","@id":"https:\/\/arxiusoberts.gir.cat\/ca\/politica-de-privadesa\/","url":"https:\/\/arxiusoberts.gir.cat\/ca\/politica-de-privadesa\/","name":"Pol\u00edtica de privadesa - Arxius Oberts","isPartOf":{"@id":"https:\/\/arxiusoberts.gir.cat\/ca\/#website"},"datePublished":"2020-11-03T15:50:21+00:00","dateModified":"2023-03-30T09:10:03+00:00","breadcrumb":{"@id":"https:\/\/arxiusoberts.gir.cat\/ca\/politica-de-privadesa\/#breadcrumb"},"inLanguage":"ca","potentialAction":[{"@type":"ReadAction","target":["https:\/\/arxiusoberts.gir.cat\/ca\/politica-de-privadesa\/"]}]},{"@type":"BreadcrumbList","@id":"https:\/\/arxiusoberts.gir.cat\/ca\/politica-de-privadesa\/#breadcrumb","itemListElement":[{"@type":"ListItem","position":1,"name":"Inici","item":"https:\/\/arxiusoberts.gir.cat\/ca\/"},{"@type":"ListItem","position":2,"name":"Pol\u00edtica de privadesa"}]},{"@type":"WebSite","@id":"https:\/\/arxiusoberts.gir.cat\/ca\/#website","url":"https:\/\/arxiusoberts.gir.cat\/ca\/","name":"Arxius Oberts","description":"Narratives comunit\u00e0ries de Barcelona","potentialAction":[{"@type":"SearchAction","target":{"@type":"EntryPoint","urlTemplate":"https:\/\/arxiusoberts.gir.cat\/ca\/?s={search_term_string}"},"query-input":"required name=search_term_string"}],"inLanguage":"ca"}]}},"_links":{"self":[{"href":"https:\/\/arxiusoberts.gir.cat\/ca\/wp-json\/wp\/v2\/pages\/153"}],"collection":[{"href":"https:\/\/arxiusoberts.gir.cat\/ca\/wp-json\/wp\/v2\/pages"}],"about":[{"href":"https:\/\/arxiusoberts.gir.cat\/ca\/wp-json\/wp\/v2\/types\/page"}],"author":[{"embeddable":true,"href":"https:\/\/arxiusoberts.gir.cat\/ca\/wp-json\/wp\/v2\/users\/3"}],"replies":[{"embeddable":true,"href":"https:\/\/arxiusoberts.gir.cat\/ca\/wp-json\/wp\/v2\/comments?post=153"}],"version-history":[{"count":9,"href":"https:\/\/arxiusoberts.gir.cat\/ca\/wp-json\/wp\/v2\/pages\/153\/revisions"}],"predecessor-version":[{"id":4406,"href":"https:\/\/arxiusoberts.gir.cat\/ca\/wp-json\/wp\/v2\/pages\/153\/revisions\/4406"}],"wp:attachment":[{"href":"https:\/\/arxiusoberts.gir.cat\/ca\/wp-json\/wp\/v2\/media?parent=153"}],"curies":[{"name":"wp","href":"https:\/\/api.w.org\/{rel}","templated":true}]}}