 {"id":265,"date":"2021-02-25T14:23:32","date_gmt":"2021-02-25T12:23:32","guid":{"rendered":"http:\/\/localhost\/arxiusoberts.cat\/?page_id=265"},"modified":"2023-05-04T15:44:13","modified_gmt":"2023-05-04T13:44:13","slug":"tutorials","status":"publish","type":"page","link":"https:\/\/arxiusoberts.gir.cat\/ca\/tutorials\/","title":{"rendered":"Tutorials"},"content":{"rendered":"<p>En aquest apartat de la plataforma, s\u2019inclouen tots aquells materials orientats a democratitzar l\u2019acc\u00e9s als arxius i a la creaci\u00f3 de continguts en base a la reutilitzaci\u00f3 d\u2019\u00edtems dels arxius, com per exemple tutorials, manuals d\u2019usuari i recursos pedag\u00f2gics.<\/p>\n","protected":false},"excerpt":{"rendered":"<p>En aquest apartat de la plataforma, s\u2019inclouen tots aquells materials orientats a democratitzar l\u2019acc\u00e9s als arxius i a la creaci\u00f3 de continguts en base a la reutilitzaci\u00f3 d\u2019\u00edtems dels arxius, com per exemple tutorials, manuals d\u2019usuari i recursos pedag\u00f2gics.<\/p>\n","protected":false},"author":3,"featured_media":0,"parent":0,"menu_order":0,"comment_status":"closed","ping_status":"closed","template":"page-templates\/tutorials.php","meta":{"footnotes":""},"yoast_head":"<!-- This site is optimized with the Yoast SEO plugin v21.7 - https:\/\/yoast.com\/wordpress\/plugins\/seo\/ -->\n<title>Tutorials - Arxius Oberts<\/title>\n<meta name=\"robots\" content=\"index, follow, max-snippet:-1, max-image-preview:large, max-video-preview:-1\" \/>\n<link rel=\"canonical\" href=\"https:\/\/arxiusoberts.gir.cat\/ca\/tutorials\/\" \/>\n<meta property=\"og:locale\" content=\"ca_ES\" \/>\n<meta property=\"og:type\" content=\"article\" \/>\n<meta property=\"og:title\" content=\"Tutorials - Arxius Oberts\" \/>\n<meta property=\"og:description\" content=\"En aquest apartat de la plataforma, s\u2019inclouen tots aquells materials orientats a democratitzar l\u2019acc\u00e9s als arxius i a la creaci\u00f3 de continguts en base a la reutilitzaci\u00f3 d\u2019\u00edtems dels arxius, com per exemple tutorials, manuals d\u2019usuari i recursos pedag\u00f2gics.\" \/>\n<meta property=\"og:url\" content=\"https:\/\/arxiusoberts.gir.cat\/ca\/tutorials\/\" \/>\n<meta property=\"og:site_name\" content=\"Arxius Oberts\" \/>\n<meta property=\"article:modified_time\" content=\"2023-05-04T13:44:13+00:00\" \/>\n<meta property=\"og:image\" content=\"https:\/\/arxiusoberts.gir.cat\/wp-content\/uploads\/2020\/12\/cropped-favicon.png\" \/>\n\t<meta property=\"og:image:width\" content=\"512\" \/>\n\t<meta property=\"og:image:height\" content=\"512\" \/>\n\t<meta property=\"og:image:type\" content=\"image\/png\" \/>\n<meta name=\"twitter:card\" content=\"summary_large_image\" \/>\n<meta name=\"twitter:label1\" content=\"Temps estimat de lectura\" \/>\n\t<meta name=\"twitter:data1\" content=\"1 minut\" \/>\n<script type=\"application\/ld+json\" class=\"yoast-schema-graph\">{\"@context\":\"https:\/\/schema.org\",\"@graph\":[{\"@type\":\"WebPage\",\"@id\":\"https:\/\/arxiusoberts.gir.cat\/ca\/tutorials\/\",\"url\":\"https:\/\/arxiusoberts.gir.cat\/ca\/tutorials\/\",\"name\":\"Tutorials - Arxius Oberts\",\"isPartOf\":{\"@id\":\"https:\/\/arxiusoberts.gir.cat\/ca\/#website\"},\"datePublished\":\"2021-02-25T12:23:32+00:00\",\"dateModified\":\"2023-05-04T13:44:13+00:00\",\"breadcrumb\":{\"@id\":\"https:\/\/arxiusoberts.gir.cat\/ca\/tutorials\/#breadcrumb\"},\"inLanguage\":\"ca\",\"potentialAction\":[{\"@type\":\"ReadAction\",\"target\":[\"https:\/\/arxiusoberts.gir.cat\/ca\/tutorials\/\"]}]},{\"@type\":\"BreadcrumbList\",\"@id\":\"https:\/\/arxiusoberts.gir.cat\/ca\/tutorials\/#breadcrumb\",\"itemListElement\":[{\"@type\":\"ListItem\",\"position\":1,\"name\":\"Inici\",\"item\":\"https:\/\/arxiusoberts.gir.cat\/ca\/\"},{\"@type\":\"ListItem\",\"position\":2,\"name\":\"Tutorials\"}]},{\"@type\":\"WebSite\",\"@id\":\"https:\/\/arxiusoberts.gir.cat\/ca\/#website\",\"url\":\"https:\/\/arxiusoberts.gir.cat\/ca\/\",\"name\":\"Arxius Oberts\",\"description\":\"Narratives comunit\u00e0ries de Barcelona\",\"potentialAction\":[{\"@type\":\"SearchAction\",\"target\":{\"@type\":\"EntryPoint\",\"urlTemplate\":\"https:\/\/arxiusoberts.gir.cat\/ca\/?s={search_term_string}\"},\"query-input\":\"required name=search_term_string\"}],\"inLanguage\":\"ca\"}]}<\/script>\n<!-- \/ Yoast SEO plugin. -->","yoast_head_json":{"title":"Tutorials - Arxius Oberts","robots":{"index":"index","follow":"follow","max-snippet":"max-snippet:-1","max-image-preview":"max-image-preview:large","max-video-preview":"max-video-preview:-1"},"canonical":"https:\/\/arxiusoberts.gir.cat\/ca\/tutorials\/","og_locale":"ca_ES","og_type":"article","og_title":"Tutorials - Arxius Oberts","og_description":"En aquest apartat de la plataforma, s\u2019inclouen tots aquells materials orientats a democratitzar l\u2019acc\u00e9s als arxius i a la creaci\u00f3 de continguts en base a la reutilitzaci\u00f3 d\u2019\u00edtems dels arxius, com per exemple tutorials, manuals d\u2019usuari i recursos pedag\u00f2gics.","og_url":"https:\/\/arxiusoberts.gir.cat\/ca\/tutorials\/","og_site_name":"Arxius Oberts","article_modified_time":"2023-05-04T13:44:13+00:00","og_image":[{"width":512,"height":512,"url":"https:\/\/arxiusoberts.gir.cat\/wp-content\/uploads\/2020\/12\/cropped-favicon.png","type":"image\/png"}],"twitter_card":"summary_large_image","twitter_misc":{"Temps estimat de lectura":"1 minut"},"schema":{"@context":"https:\/\/schema.org","@graph":[{"@type":"WebPage","@id":"https:\/\/arxiusoberts.gir.cat\/ca\/tutorials\/","url":"https:\/\/arxiusoberts.gir.cat\/ca\/tutorials\/","name":"Tutorials - Arxius Oberts","isPartOf":{"@id":"https:\/\/arxiusoberts.gir.cat\/ca\/#website"},"datePublished":"2021-02-25T12:23:32+00:00","dateModified":"2023-05-04T13:44:13+00:00","breadcrumb":{"@id":"https:\/\/arxiusoberts.gir.cat\/ca\/tutorials\/#breadcrumb"},"inLanguage":"ca","potentialAction":[{"@type":"ReadAction","target":["https:\/\/arxiusoberts.gir.cat\/ca\/tutorials\/"]}]},{"@type":"BreadcrumbList","@id":"https:\/\/arxiusoberts.gir.cat\/ca\/tutorials\/#breadcrumb","itemListElement":[{"@type":"ListItem","position":1,"name":"Inici","item":"https:\/\/arxiusoberts.gir.cat\/ca\/"},{"@type":"ListItem","position":2,"name":"Tutorials"}]},{"@type":"WebSite","@id":"https:\/\/arxiusoberts.gir.cat\/ca\/#website","url":"https:\/\/arxiusoberts.gir.cat\/ca\/","name":"Arxius Oberts","description":"Narratives comunit\u00e0ries de Barcelona","potentialAction":[{"@type":"SearchAction","target":{"@type":"EntryPoint","urlTemplate":"https:\/\/arxiusoberts.gir.cat\/ca\/?s={search_term_string}"},"query-input":"required name=search_term_string"}],"inLanguage":"ca"}]}},"_links":{"self":[{"href":"https:\/\/arxiusoberts.gir.cat\/ca\/wp-json\/wp\/v2\/pages\/265"}],"collection":[{"href":"https:\/\/arxiusoberts.gir.cat\/ca\/wp-json\/wp\/v2\/pages"}],"about":[{"href":"https:\/\/arxiusoberts.gir.cat\/ca\/wp-json\/wp\/v2\/types\/page"}],"author":[{"embeddable":true,"href":"https:\/\/arxiusoberts.gir.cat\/ca\/wp-json\/wp\/v2\/users\/3"}],"replies":[{"embeddable":true,"href":"https:\/\/arxiusoberts.gir.cat\/ca\/wp-json\/wp\/v2\/comments?post=265"}],"version-history":[{"count":3,"href":"https:\/\/arxiusoberts.gir.cat\/ca\/wp-json\/wp\/v2\/pages\/265\/revisions"}],"predecessor-version":[{"id":646,"href":"https:\/\/arxiusoberts.gir.cat\/ca\/wp-json\/wp\/v2\/pages\/265\/revisions\/646"}],"wp:attachment":[{"href":"https:\/\/arxiusoberts.gir.cat\/ca\/wp-json\/wp\/v2\/media?parent=265"}],"curies":[{"name":"wp","href":"https:\/\/api.w.org\/{rel}","templated":true}]}}